{"id":789,"date":"2023-01-30T15:53:22","date_gmt":"2023-01-30T14:53:22","guid":{"rendered":"https:\/\/buskontor.com\/?page_id=789"},"modified":"2023-05-10T23:59:53","modified_gmt":"2023-05-10T21:59:53","slug":"impressum","status":"publish","type":"page","link":"https:\/\/buskontor.com\/en\/impressum\/","title":{"rendered":"Impressum"},"content":{"rendered":"<div data-elementor-type=\"wp-page\" data-elementor-id=\"789\" class=\"elementor elementor-789\">\n\t\t\t\t\t\t\t<div class=\"elementor-element elementor-element-05032ff e-con-boxed e-con\" data-id=\"05032ff\" data-element_type=\"container\" data-settings=\"{&quot;content_width&quot;:&quot;boxed&quot;}\">\n\t\t\t\t\t<div class=\"e-con-inner\">\n\t\t\t\t<div class=\"elementor-element elementor-element-5119b92 elementor-widget elementor-widget-heading\" data-id=\"5119b92\" data-element_type=\"widget\" data-widget_type=\"heading.default\">\n\t\t\t\t<div class=\"elementor-widget-container\">\n\t\t\t<style>\/*! elementor - v3.11.3 - 07-03-2023 *\/\n.elementor-heading-title{padding:0;margin:0;line-height:1}.elementor-widget-heading .elementor-heading-title[class*=elementor-size-]>a{color:inherit;font-size:inherit;line-height:inherit}.elementor-widget-heading .elementor-heading-title.elementor-size-small{font-size:15px}.elementor-widget-heading .elementor-heading-title.elementor-size-medium{font-size:19px}.elementor-widget-heading .elementor-heading-title.elementor-size-large{font-size:29px}.elementor-widget-heading .elementor-heading-title.elementor-size-xl{font-size:39px}.elementor-widget-heading .elementor-heading-title.elementor-size-xxl{font-size:59px}<\/style><p class=\"elementor-heading-title elementor-size-default\">buskontor.com\n<\/p>\t\t<\/div>\n\t\t\t\t<\/div>\n\t\t\t\t<div class=\"elementor-element elementor-element-9044742 elementor-widget elementor-widget-text-editor\" data-id=\"9044742\" data-element_type=\"widget\" data-widget_type=\"text-editor.default\">\n\t\t\t\t<div class=\"elementor-widget-container\">\n\t\t\t<style>\/*! elementor - v3.11.3 - 07-03-2023 *\/\n.elementor-widget-text-editor.elementor-drop-cap-view-stacked .elementor-drop-cap{background-color:#818a91;color:#fff}.elementor-widget-text-editor.elementor-drop-cap-view-framed .elementor-drop-cap{color:#818a91;border:3px solid;background-color:transparent}.elementor-widget-text-editor:not(.elementor-drop-cap-view-default) .elementor-drop-cap{margin-top:8px}.elementor-widget-text-editor:not(.elementor-drop-cap-view-default) .elementor-drop-cap-letter{width:1em;height:1em}.elementor-widget-text-editor .elementor-drop-cap{float:left;text-align:center;line-height:1;font-size:50px}.elementor-widget-text-editor .elementor-drop-cap-letter{display:inline-block}<\/style>\t\t\t\t<p><strong>Verantwortlich, Herausgeber:<\/strong><\/p><div class=\"page-content\"><div class=\"elementor elementor-41\" data-elementor-type=\"wp-page\" data-elementor-id=\"41\"><div class=\"elementor-inner\"><div class=\"elementor-section-wrap\"><section class=\"elementor-section elementor-top-section elementor-element elementor-element-21670807 elementor-section-boxed elementor-section-height-default elementor-section-height-default\" data-id=\"21670807\" data-element_type=\"section\"><div class=\"elementor-container elementor-column-gap-default\"><div class=\"elementor-row\"><div class=\"elementor-column elementor-col-100 elementor-top-column elementor-element elementor-element-4ff4102f\" data-id=\"4ff4102f\" data-element_type=\"column\"><div class=\"elementor-column-wrap elementor-element-populated\"><div class=\"elementor-widget-wrap\"><div class=\"elementor-element elementor-element-2d746dcc elementor-widget elementor-widget-text-editor\" data-id=\"2d746dcc\" data-element_type=\"widget\" data-widget_type=\"text-editor.default\"><div class=\"elementor-widget-container\"><div class=\"elementor-text-editor elementor-clearfix\"><p>Buskontor MV GmbH<br \/>vertreten durch den Gesch\u00e4ftsf\u00fchrer: Niko Ulrich<br \/>M\u00fchlenstra\u00dfe 24, 19055 Schwerin<br \/>Fon:\u00a0<a href=\"tel:+4938548592182\">+49 (0)385 \u2013 48 59 21 82<\/a><br \/><a href=\"https:\/\/buskontor.com\/\">buskontor.com<\/a><br \/><a href=\"mailto:info@buskontor.com\">info@buskontor.com<\/a><\/p><p><strong>Urheberrechtshinweise:<\/strong><br \/>Die Inhalte und Programme dieser Website sind durch uns urheberrechtlich gesch\u00fctzt. Alle Rechte daran behalten wir uns vor. Teile dieser Website k\u00f6nnen Bilder, Texte oder Sounds beinhalten, die dem Urheberrecht Dritter unterliegen. Die Urheberrechtshinweise in diesen F\u00e4llen sind an entsprechenden Stellen vermerkt. Die Rechte an verwendeten Markennamen sind jeweils bei den Inhabern der entsprechenden Marken. Informationen auf dieser Website, einschlie\u00dflich Programmen, Texten, Bildern und Sound d\u00fcrfen nicht, sofern nicht ausdr\u00fccklich anders bestimmt, vervielf\u00e4ltigt, transferiert vertrieben oder gespeichert werden ohne schriftliche Genehmigung des Herausgebers. Modifikationen des Inhalts dieser Website sind ausdr\u00fccklich untersagt.<\/p><p><strong>Haftungsausschluss:<\/strong><br \/>Die Informationen auf dieser Website verstehen sich als \u201eAussagen an sich\u201c ohne implizite Garantien jedweder Art. Die bereitgestellten Informationen auf dieser Website wurden sorgf\u00e4ltig gepr\u00fcft und werden regelm\u00e4\u00dfig aktualisiert. Jedoch kann keine Garantie daf\u00fcr \u00fcbernommen werden, dass alle Angaben zu jeder Zeit vollst\u00e4ndig, richtig und in letzter Aktualit\u00e4t dargestellt sind. Dies gilt insbesondere f\u00fcr alle Verbindungen (\u201eLinks\u201c) zu anderen Web Sites, auf die direkt oder indirekt verwiesen wird. Alle Angaben k\u00f6nnen ohne vorherige Ank\u00fcndigung erg\u00e4nzt, ge\u00e4ndert oder entfernt werden. Au\u00dferdem liegt es nicht in unserer Verantwortung, Vorsichtsma\u00dfnahmen zu ergreifen gegen destruktive Programme oder Programmteile wie Viren, Worms, Trojanische Pferde o.\u00e4., die auf Webservern liegen, die m\u00f6glicherweise durch Links von unserer Website aus erreicht werden.<\/p><p><strong>Datenschutz:<\/strong><br \/><a href=\"https:\/\/buskontor.com\/datenschutz\/\">Hier finden Sie unsere Regelungen<\/a>\u00a0gem\u00e4\u00df Telemediengesetz (TMG), Bundesdatenschutzgesetz (BDSG) sowie sonstiger datenschutzrechtlicher Bestimmungen.<\/p><p>Alle Rechte vorbehalten.<\/p><\/div><\/div><\/div><\/div><\/div><\/div><\/div><\/div><\/section><\/div><\/div><\/div><div class=\"post-tags\">\u00a0<\/div><\/div><section id=\"comments\" class=\"comments-area\"><\/section><div class=\"elementor elementor-120 elementor-location-footer\" data-elementor-type=\"footer\" data-elementor-id=\"120\"><div class=\"elementor-section-wrap\"><section class=\"elementor-section elementor-top-section elementor-element elementor-element-78777f05 elementor-section-content-middle elementor-hidden-phone elementor-section-boxed elementor-section-height-default elementor-section-height-default\" data-dce-background-color=\"#BB1E10\" data-id=\"78777f05\" data-element_type=\"section\" data-settings=\"{&quot;background_background&quot;:&quot;classic&quot;}\"><div class=\"elementor-container elementor-column-gap-default\"><div class=\"elementor-row\"><div class=\"elementor-column elementor-col-33 elementor-top-column elementor-element elementor-element-707a7d80\" data-id=\"707a7d80\" data-element_type=\"column\"><div class=\"elementor-column-wrap elementor-element-populated\"><div class=\"elementor-widget-wrap\"><div class=\"elementor-element elementor-element-3ec0135f elementor-shape-circle footericon elementor-grid-0 elementor-widget elementor-widget-social-icons\" data-id=\"3ec0135f\" data-element_type=\"widget\" data-widget_type=\"social-icons.default\"><div class=\"elementor-widget-container\"><div class=\"elementor-social-icons-wrapper elementor-grid\">\u00a0<\/div><\/div><\/div><\/div><\/div><\/div><\/div><\/div><\/section><\/div><\/div>\t\t\t\t\t\t<\/div>\n\t\t\t\t<\/div>\n\t\t\t\t\t<\/div>\n\t\t\t\t<\/div>\n\t\t\t\t\t\t\t<\/div>","protected":false},"excerpt":{"rendered":"<p>buskontor.com Verantwortlich, Herausgeber: Buskontor MV GmbHvertreten durch den Gesch\u00e4ftsf\u00fchrer: Niko UlrichM\u00fchlenstra\u00dfe 24, 19055 SchwerinFon:\u00a0+49 (0)385 \u2013 48 59 21 82buskontor.cominfo@buskontor.com Urheberrechtshinweise:Die Inhalte und Programme dieser Website sind durch uns urheberrechtlich gesch\u00fctzt. Alle Rechte daran behalten wir uns vor. Teile dieser Website k\u00f6nnen Bilder, Texte oder Sounds beinhalten, die dem Urheberrecht Dritter unterliegen. Die Urheberrechtshinweise in [&hellip;]<\/p>\n","protected":false},"author":7,"featured_media":0,"parent":0,"menu_order":0,"comment_status":"closed","ping_status":"closed","template":"","meta":{"footnotes":""},"class_list":["post-789","page","type-page","status-publish","hentry"],"acf":[],"_links":{"self":[{"href":"https:\/\/buskontor.com\/en\/wp-json\/wp\/v2\/pages\/789","targetHints":{"allow":["GET"]}}],"collection":[{"href":"https:\/\/buskontor.com\/en\/wp-json\/wp\/v2\/pages"}],"about":[{"href":"https:\/\/buskontor.com\/en\/wp-json\/wp\/v2\/types\/page"}],"author":[{"embeddable":true,"href":"https:\/\/buskontor.com\/en\/wp-json\/wp\/v2\/users\/7"}],"replies":[{"embeddable":true,"href":"https:\/\/buskontor.com\/en\/wp-json\/wp\/v2\/comments?post=789"}],"version-history":[{"count":6,"href":"https:\/\/buskontor.com\/en\/wp-json\/wp\/v2\/pages\/789\/revisions"}],"predecessor-version":[{"id":1157,"href":"https:\/\/buskontor.com\/en\/wp-json\/wp\/v2\/pages\/789\/revisions\/1157"}],"wp:attachment":[{"href":"https:\/\/buskontor.com\/en\/wp-json\/wp\/v2\/media?parent=789"}],"curies":[{"name":"wp","href":"https:\/\/api.w.org\/{rel}","templated":true}]}}